{"id":3019,"date":"2023-03-14T10:36:04","date_gmt":"2023-03-14T10:36:04","guid":{"rendered":"https:\/\/ka204flow.eu\/?page_id=3019"},"modified":"2023-07-10T06:56:37","modified_gmt":"2023-07-10T06:56:37","slug":"tool-box-emotions","status":"publish","type":"page","link":"https:\/\/ka204flow.eu\/index.php\/tool-box-emotions\/","title":{"rendered":"Tool Box &#8211; Emotions"},"content":{"rendered":"\n<p>In this section you will find presentations of the different trainings related to emotions and feelings.<\/p>\n\n\n\n<p><strong><mark style=\"background-color:rgba(0, 0, 0, 0)\" class=\"has-inline-color has-colibri-color-1-color\">Word caf\u00e9<\/mark><\/strong><\/p>\n\n\n\n<div style=\"position: relative; width: 100%; height: 0; padding-top: 56.2500%;\n padding-bottom: 0; box-shadow: 0 2px 8px 0 rgba(63,69,81,0.16); margin-top: 1.6em; margin-bottom: 0.9em; overflow: hidden;\n border-radius: 8px; will-change: transform;\">\n  <iframe loading=\"lazy\" style=\"position: absolute; width: 100%; height: 100%; top: 0; left: 0; border: none; padding: 0;margin: 0;\" src=\"https:\/\/www.canva.com\/design\/DAFfJD8HN2A\/view?embed\" allowfullscreen=\"allowfullscreen\" allow=\"fullscreen\">\n  <\/iframe>\n<\/div>\n<a href=\"https:\/\/www.canva.com\/design\/DAFfJD8HN2A\/view?utm_content=DAFfJD8HN2A&amp;utm_campaign=designshare&amp;utm_medium=embeds&amp;utm_source=link\" target=\"_blank\" rel=\"noopener\">STEP. TOOL BOX<\/a>\n\n\n\n<p><strong>Training Pills<\/strong> <strong>for self-confidence<\/strong><\/p>\n\n\n\n<div style=\"position: relative; width: 100%; height: 0; padding-top: 56.2500%;\n padding-bottom: 0; box-shadow: 0 2px 8px 0 rgba(63,69,81,0.16); margin-top: 1.6em; margin-bottom: 0.9em; overflow: hidden;\n border-radius: 8px; will-change: transform;\">\n  <iframe loading=\"lazy\" style=\"position: absolute; width: 100%; height: 100%; top: 0; left: 0; border: none; padding: 0;margin: 0;\" src=\"https:\/\/www.canva.com\/design\/DAFd1NJemxI\/view?embed\" allowfullscreen=\"allowfullscreen\" allow=\"fullscreen\">\n  <\/iframe>\n<\/div>\n<a href=\"https:\/\/www.canva.com\/design\/DAFd1NJemxI\/view?utm_content=DAFd1NJemxI&amp;utm_campaign=designshare&amp;utm_medium=embeds&amp;utm_source=link\" target=\"_blank\" rel=\"noopener\">LauraVR TOOL BOX<\/a> de Laura Vazquez Redondo\n\n\n\n<p><strong>E-Motion Learning<\/strong><\/p>\n\n\n\n<div style=\"position: relative; width: 100%; height: 0; padding-top: 56.2500%;\n padding-bottom: 0; box-shadow: 0 2px 8px 0 rgba(63,69,81,0.16); margin-top: 1.6em; margin-bottom: 0.9em; overflow: hidden;\n border-radius: 8px; will-change: transform;\">\n  <iframe loading=\"lazy\" style=\"position: absolute; width: 100%; height: 100%; top: 0; left: 0; border: none; padding: 0;margin: 0;\" src=\"https:\/\/www.canva.com\/design\/DAFesT9CVM4\/view?embed\" allowfullscreen=\"allowfullscreen\" allow=\"fullscreen\">\n  <\/iframe>\n<\/div>\n<a href=\"https:\/\/www.canva.com\/design\/DAFesT9CVM4\/view?utm_content=DAFesT9CVM4&amp;utm_campaign=designshare&amp;utm_medium=embeds&amp;utm_source=link\" target=\"_blank\" rel=\"noopener\">Toolbox Yolanda y Marisa<\/a> de Yolanda Calvente March\u00e1n\n\n\n\n<p><strong>Flow in Emotions<\/strong><\/p>\n\n\n\n<div style=\"position: relative; width: 100%; height: 0; padding-top: 56.2500%;\n padding-bottom: 0; box-shadow: 0 2px 8px 0 rgba(63,69,81,0.16); margin-top: 1.6em; margin-bottom: 0.9em; overflow: hidden;\n border-radius: 8px; will-change: transform;\">\n  <iframe loading=\"lazy\" style=\"position: absolute; width: 100%; height: 100%; top: 0; left: 0; border: none; padding: 0;margin: 0;\" src=\"https:\/\/www.canva.com\/design\/DAFiO9CCckw\/view?embed\" allowfullscreen=\"allowfullscreen\" allow=\"fullscreen\">\n  <\/iframe>\n<\/div>\n<a href=\"https:\/\/www.canva.com\/design\/DAFiO9CCckw\/view?utm_content=DAFiO9CCckw&amp;utm_campaign=designshare&amp;utm_medium=embeds&amp;utm_source=link\" target=\"_blank\" rel=\"noopener\">ACTA FLOW Toolbox PPT<\/a> de ACTA\n\n\n\n<p><strong>Snack Attack<\/strong><\/p>\n\n\n\n<div style=\"position: relative; width: 100%; height: 0; padding-top: 56.2500%;\n padding-bottom: 0; box-shadow: 0 2px 8px 0 rgba(63,69,81,0.16); margin-top: 1.6em; margin-bottom: 0.9em; overflow: hidden;\n border-radius: 8px; will-change: transform;\">\n  <iframe loading=\"lazy\" style=\"position: absolute; width: 100%; height: 100%; top: 0; left: 0; border: none; padding: 0;margin: 0;\" src=\"https:\/\/www.canva.com\/design\/DAFnqMyKT0Q\/view?embed\" allowfullscreen=\"allowfullscreen\" allow=\"fullscreen\">\n  <\/iframe>\n<\/div>\n<a href=\"https:\/\/www.canva.com\/design\/DAFnqMyKT0Q\/view?utm_content=DAFnqMyKT0Q&amp;utm_campaign=designshare&amp;utm_medium=embeds&amp;utm_source=link\" target=\"_blank\" rel=\"noopener\">SNACK ATTACK-TOOL BOX<\/a> de Isabel Dom\u00ednguez Ramos\n\n\n\n<p><strong>Students Engagement<\/strong><\/p>\n\n\n\n<div style=\"position: relative; width: 100%; height: 0; padding-top: 56.2500%;\n padding-bottom: 0; box-shadow: 0 2px 8px 0 rgba(63,69,81,0.16); margin-top: 1.6em; margin-bottom: 0.9em; overflow: hidden;\n border-radius: 8px; will-change: transform;\">\n  <iframe loading=\"lazy\" style=\"position: absolute; width: 100%; height: 100%; top: 0; left: 0; border: none; padding: 0;margin: 0;\" src=\"https:\/\/www.canva.com\/design\/DAFm6_sGA-0\/view?embed\" allowfullscreen=\"allowfullscreen\" allow=\"fullscreen\">\n  <\/iframe>\n<\/div>\n<a href=\"https:\/\/www.canva.com\/design\/DAFm6_sGA-0\/view?utm_content=DAFm6_sGA-0&amp;utm_campaign=designshare&amp;utm_medium=embeds&amp;utm_source=link\" target=\"_blank\" rel=\"noopener\"> TOOL BOX Course Agreement<\/a> de Mar\u00eda Jos\u00e9 Pocero M\u00e1laga\n\n\n\n<p><strong>Positive thinking<\/strong><\/p>\n\n\n\n<div style=\"position: relative; width: 100%; height: 0; padding-top: 56.2500%;\n padding-bottom: 0; box-shadow: 0 2px 8px 0 rgba(63,69,81,0.16); margin-top: 1.6em; margin-bottom: 0.9em; overflow: hidden;\n border-radius: 8px; will-change: transform;\">\n  <iframe loading=\"lazy\" style=\"position: absolute; width: 100%; height: 100%; top: 0; left: 0; border: none; padding: 0;margin: 0;\"\n    src=\"https:&#x2F;&#x2F;www.canva.com&#x2F;design&#x2F;DAFn-J0hj74&#x2F;view?embed\" allowfullscreen=\"allowfullscreen\" allow=\"fullscreen\">\n  <\/iframe>\n<\/div>\n<a href=\"https:&#x2F;&#x2F;www.canva.com&#x2F;design&#x2F;DAFn-J0hj74&#x2F;view?utm_content=DAFn-J0hj74&amp;utm_campaign=designshare&amp;utm_medium=embeds&amp;utm_source=link\" target=\"_blank\" rel=\"noopener\">TOOLBOX positive THINKING<\/a> de Mar\u00eda Jos\u00e9 Pocero M\u00e1laga\n","protected":false},"excerpt":{"rendered":"<p>In this section you will find presentations of the different trainings related to emotions and feelings. Word caf\u00e9 STEP. TOOL BOX Training Pills for self-confidence LauraVR TOOL BOX de Laura Vazquez Redondo E-Motion Learning Toolbox Yolanda y Marisa de Yolanda Calvente March\u00e1n Flow in Emotions ACTA FLOW Toolbox PPT de ACTA Snack Attack SNACK ATTACK-TOOL [&hellip;]<\/p>\n","protected":false},"author":2,"featured_media":0,"parent":0,"menu_order":0,"comment_status":"closed","ping_status":"closed","template":"","meta":{"footnotes":""},"class_list":["post-3019","page","type-page","status-publish","hentry"],"_links":{"self":[{"href":"https:\/\/ka204flow.eu\/index.php\/wp-json\/wp\/v2\/pages\/3019","targetHints":{"allow":["GET"]}}],"collection":[{"href":"https:\/\/ka204flow.eu\/index.php\/wp-json\/wp\/v2\/pages"}],"about":[{"href":"https:\/\/ka204flow.eu\/index.php\/wp-json\/wp\/v2\/types\/page"}],"author":[{"embeddable":true,"href":"https:\/\/ka204flow.eu\/index.php\/wp-json\/wp\/v2\/users\/2"}],"replies":[{"embeddable":true,"href":"https:\/\/ka204flow.eu\/index.php\/wp-json\/wp\/v2\/comments?post=3019"}],"version-history":[{"count":10,"href":"https:\/\/ka204flow.eu\/index.php\/wp-json\/wp\/v2\/pages\/3019\/revisions"}],"predecessor-version":[{"id":3786,"href":"https:\/\/ka204flow.eu\/index.php\/wp-json\/wp\/v2\/pages\/3019\/revisions\/3786"}],"wp:attachment":[{"href":"https:\/\/ka204flow.eu\/index.php\/wp-json\/wp\/v2\/media?parent=3019"}],"curies":[{"name":"wp","href":"https:\/\/api.w.org\/{rel}","templated":true}]}}