{"id":2994,"date":"2023-03-14T10:25:57","date_gmt":"2023-03-14T10:25:57","guid":{"rendered":"https:\/\/ka204flow.eu\/?page_id=2994"},"modified":"2023-05-13T11:18:18","modified_gmt":"2023-05-13T11:18:18","slug":"tool-box-technology","status":"publish","type":"page","link":"https:\/\/ka204flow.eu\/index.php\/tool-box-technology\/","title":{"rendered":"Tool Box &#8211; Technology"},"content":{"rendered":"\n<p>In this section you will find presentations of the different training courses related to technology.<\/p>\n\n\n\n<p><strong>Digital Kit for teachers<\/strong><\/p>\n\n\n\n<div style=\"position: relative; width: 100%; height: 0; padding-top: 56.2500%;\n padding-bottom: 0; box-shadow: 0 2px 8px 0 rgba(63,69,81,0.16); margin-top: 1.6em; margin-bottom: 0.9em; overflow: hidden;\n border-radius: 8px; will-change: transform;\">\n  <iframe loading=\"lazy\" style=\"position: absolute; width: 100%; height: 100%; top: 0; left: 0; border: none; padding: 0;margin: 0;\" src=\"https:\/\/www.canva.com\/design\/DAFfJIA-rSM\/view?embed\" allowfullscreen=\"allowfullscreen\" allow=\"fullscreen\">\n  <\/iframe>\n<\/div>\n<a href=\"https:\/\/www.canva.com\/design\/DAFfJIA-rSM\/view?utm_content=DAFfJIA-rSM&amp;utm_campaign=designshare&amp;utm_medium=embeds&amp;utm_source=link\" target=\"_blank\" rel=\"noopener\">Digitizing your language lesson<\/a> de JUAN ANTONIO ORTIZ CANTOS\n\n\n\n<p><mark style=\"background-color:rgba(0, 0, 0, 0)\" class=\"has-inline-color has-colibri-color-1-color\"><strong>Learningapps<\/strong><\/mark><\/p>\n\n\n\n<p>An incredibly easy-to-use tool with a wide range of activities that we can use, adapt or create from scratch to practise different language skills.<\/p>\n\n\n\n<div style=\"position: relative; width: 100%; height: 0; padding-top: 56.2500%;\n padding-bottom: 0; box-shadow: 0 2px 8px 0 rgba(63,69,81,0.16); margin-top: 1.6em; margin-bottom: 0.9em; overflow: hidden;\n border-radius: 8px; will-change: transform;\">\n  <iframe loading=\"lazy\" style=\"position: absolute; width: 100%; height: 100%; top: 0; left: 0; border: none; padding: 0;margin: 0;\" src=\"https:\/\/www.canva.com\/design\/DAFbg1AUKws\/view?embed\" allowfullscreen=\"allowfullscreen\" allow=\"fullscreen\">\n  <\/iframe>\n<\/div>\n<a href=\"https:\/\/www.canva.com\/design\/DAFbg1AUKws\/view?utm_content=DAFbg1AUKws&amp;utm_campaign=designshare&amp;utm_medium=embeds&amp;utm_source=link\" target=\"_blank\" rel=\"noopener\">Learningapps<\/a> de JUAN ANTONIO ORTIZ CANTOS\n\n\n\n<p class=\"has-colibri-color-1-color has-text-color\"><strong>Kahoot<\/strong><\/p>\n\n\n\n<p>Kahoot! is an ideal free gamified learning tool that allows teachers and students to study and review content while playing, as it works as if it were a quiz.<\/p>\n\n\n\n<div style=\"position: relative; width: 100%; height: 0; padding-top: 56.2500%;\n padding-bottom: 0; box-shadow: 0 2px 8px 0 rgba(63,69,81,0.16); margin-top: 1.6em; margin-bottom: 0.9em; overflow: hidden;\n border-radius: 8px; will-change: transform;\">\n  <iframe loading=\"lazy\" style=\"position: absolute; width: 100%; height: 100%; top: 0; left: 0; border: none; padding: 0;margin: 0;\" src=\"https:\/\/www.canva.com\/design\/DAFdvbTcexE\/view?embed\" allowfullscreen=\"allowfullscreen\" allow=\"fullscreen\">\n  <\/iframe>\n<\/div>\n<a href=\"https:\/\/www.canva.com\/design\/DAFdvbTcexE\/view?utm_content=DAFdvbTcexE&amp;utm_campaign=designshare&amp;utm_medium=embeds&amp;utm_source=link\" target=\"_blank\" rel=\"noopener\">Copia de TOOL BOX<\/a> de anafloresramos@gmail.com\n\n\n\n<p class=\"has-colibri-color-1-color has-text-color\"><strong>Bamboozle<\/strong><\/p>\n\n\n\n<p>Bamboozle&nbsp;is a platform for game-based learning. In its free plan, it allows you to play games in teams using the classroom screen only.<\/p>\n\n\n\n<div style=\"position: relative; width: 100%; height: 0; padding-top: 56.2500%;\n padding-bottom: 0; box-shadow: 0 2px 8px 0 rgba(63,69,81,0.16); margin-top: 1.6em; margin-bottom: 0.9em; overflow: hidden;\n border-radius: 8px; will-change: transform;\">\n  <iframe loading=\"lazy\" style=\"position: absolute; width: 100%; height: 100%; top: 0; left: 0; border: none; padding: 0;margin: 0;\" src=\"https:\/\/www.canva.com\/design\/DAFfWEaWrAE\/view?embed\" allowfullscreen=\"allowfullscreen\" allow=\"fullscreen\">\n  <\/iframe>\n<\/div>\n<a href=\"https:\/\/www.canva.com\/design\/DAFfWEaWrAE\/view?utm_content=DAFfWEaWrAE&amp;utm_campaign=designshare&amp;utm_medium=embeds&amp;utm_source=link\" target=\"_blank\" rel=\"noopener\">Bamboozle_Copia de TOOL BOX<\/a> de Desir\u00e9e L\u00f3pez Fern\u00e1ndez\n\n\n\n<p><strong>Artificial Intelligence<\/strong><\/p>\n\n\n\n<p>AI can help teachers in language teaching.<\/p>\n\n\n\n<div style=\"position: relative; width: 100%; height: 0; padding-top: 56.2500%;\n padding-bottom: 0; box-shadow: 0 2px 8px 0 rgba(63,69,81,0.16); margin-top: 1.6em; margin-bottom: 0.9em; overflow: hidden;\n border-radius: 8px; will-change: transform;\">\n  <iframe loading=\"lazy\" style=\"position: absolute; width: 100%; height: 100%; top: 0; left: 0; border: none; padding: 0;margin: 0;\"\n    src=\"https:&#x2F;&#x2F;www.canva.com&#x2F;design&#x2F;DAFiyl6icXg&#x2F;view?embed\" allowfullscreen=\"allowfullscreen\" allow=\"fullscreen\">\n  <\/iframe>\n<\/div>\n<a href=\"https:&#x2F;&#x2F;www.canva.com&#x2F;design&#x2F;DAFiyl6icXg&#x2F;view?utm_content=DAFiyl6icXg&amp;utm_campaign=designshare&amp;utm_medium=embeds&amp;utm_source=link\" target=\"_blank\" rel=\"noopener\">Artificial Intelligence for language learning<\/a> de JUAN ANTONIO ORTIZ CANTOS\n","protected":false},"excerpt":{"rendered":"<p>In this section you will find presentations of the different training courses related to technology. Digital Kit for teachers Digitizing your language lesson de JUAN ANTONIO ORTIZ CANTOS Learningapps An incredibly easy-to-use tool with a wide range of activities that we can use, adapt or create from scratch to practise different language skills. Learningapps de [&hellip;]<\/p>\n","protected":false},"author":2,"featured_media":0,"parent":0,"menu_order":0,"comment_status":"closed","ping_status":"closed","template":"","meta":{"footnotes":""},"class_list":["post-2994","page","type-page","status-publish","hentry"],"_links":{"self":[{"href":"https:\/\/ka204flow.eu\/index.php\/wp-json\/wp\/v2\/pages\/2994","targetHints":{"allow":["GET"]}}],"collection":[{"href":"https:\/\/ka204flow.eu\/index.php\/wp-json\/wp\/v2\/pages"}],"about":[{"href":"https:\/\/ka204flow.eu\/index.php\/wp-json\/wp\/v2\/types\/page"}],"author":[{"embeddable":true,"href":"https:\/\/ka204flow.eu\/index.php\/wp-json\/wp\/v2\/users\/2"}],"replies":[{"embeddable":true,"href":"https:\/\/ka204flow.eu\/index.php\/wp-json\/wp\/v2\/comments?post=2994"}],"version-history":[{"count":7,"href":"https:\/\/ka204flow.eu\/index.php\/wp-json\/wp\/v2\/pages\/2994\/revisions"}],"predecessor-version":[{"id":3156,"href":"https:\/\/ka204flow.eu\/index.php\/wp-json\/wp\/v2\/pages\/2994\/revisions\/3156"}],"wp:attachment":[{"href":"https:\/\/ka204flow.eu\/index.php\/wp-json\/wp\/v2\/media?parent=2994"}],"curies":[{"name":"wp","href":"https:\/\/api.w.org\/{rel}","templated":true}]}}