{"id":2355,"date":"2022-11-17T13:00:26","date_gmt":"2022-11-17T13:00:26","guid":{"rendered":"https:\/\/ka204flow.eu\/?page_id=2355"},"modified":"2022-11-17T13:44:26","modified_gmt":"2022-11-17T13:44:26","slug":"implementation-dissemination-and-follow-up","status":"publish","type":"page","link":"https:\/\/ka204flow.eu\/index.php\/implementation-dissemination-and-follow-up\/","title":{"rendered":"IMPLEMENTATION, DISSEMINATION AND FOLLOW-UP"},"content":{"rendered":"\n<p><strong><mark style=\"background-color:rgba(0, 0, 0, 0)\" class=\"has-inline-color has-colibri-color-1-color\">2nd Transnational Meeting: Implementation, dissemination and follow-up at Educa, Czech Republic<\/mark><\/strong><\/p>\n\n\n\n<figure class=\"wp-block-image size-full\"><img loading=\"lazy\" decoding=\"async\" width=\"848\" height=\"618\" src=\"https:\/\/ka204flow.eu\/wp-content\/uploads\/2022\/11\/agenda.png\" alt=\"\" class=\"wp-image-2356\" srcset=\"https:\/\/ka204flow.eu\/wp-content\/uploads\/2022\/11\/agenda.png 848w, https:\/\/ka204flow.eu\/wp-content\/uploads\/2022\/11\/agenda-300x219.png 300w, https:\/\/ka204flow.eu\/wp-content\/uploads\/2022\/11\/agenda-768x560.png 768w\" sizes=\"auto, (max-width: 848px) 100vw, 848px\" \/><\/figure>\n\n\n\n<p>From Monday 7<sup>th<\/sup> till Wednesday 9<sup>th<\/sup>, November \u201822, coordinators from the different partner institutions meet in the city of Jablonec (Czech Republic), hosted by our partner EDUCA. During the meetings held these days, we discuss the implementation, dissemination and follow-up of the activities related to our project.&nbsp;<\/p>\n\n\n\n<div style=\"position: relative; width: 100%; height: 0; padding-top: 56.2500%;\n padding-bottom: 0; box-shadow: 0 2px 8px 0 rgba(63,69,81,0.16); margin-top: 1.6em; margin-bottom: 0.9em; overflow: hidden;\n border-radius: 8px; will-change: transform;\">\n  <iframe loading=\"lazy\" style=\"position: absolute; width: 100%; height: 100%; top: 0; left: 0; border: none; padding: 0;margin: 0;\" src=\"https:\/\/www.canva.com\/design\/DAFSNAp0Gzo\/watch?embed\" allowfullscreen=\"allowfullscreen\" allow=\"fullscreen\">\n  <\/iframe>\n<\/div>\n<a href=\"https:\/\/www.canva.com\/design\/DAFSNAp0Gzo\/watch?utm_content=DAFSNAp0Gzo&amp;utm_campaign=designshare&amp;utm_medium=embeds&amp;utm_source=link\" target=\"_blank\" rel=\"noopener\">Project&#8217;s Progress&#8230;<\/a>\n\n\n\n<p><strong>MONDAY 7<\/strong><strong><sup>th<\/sup><\/strong><strong>, NOV. \u201822<\/strong><\/p>\n\n\n\n<p>The day starts with a tour of the city of Prague organized by EDUCA during which we get to know some of the main landmarks of this enchanting historical city. Participants in the mobility enjoy walking by the streets of this tourist city on a sunny day, being this is a great opportunity to learn in more detail about the country where one of our partners is from, and, therefore, adding to the sense of European knowledge and conscience which is an intrinsic part of Erasmus + projects.&nbsp;<\/p>\n\n\n\n<figure class=\"wp-block-gallery has-nested-images columns-default is-cropped wp-block-gallery-1 is-layout-flex wp-block-gallery-is-layout-flex\">\n<figure class=\"wp-block-image size-large\"><img loading=\"lazy\" decoding=\"async\" width=\"2048\" height=\"1152\" data-id=\"2390\" src=\"https:\/\/ka204flow.eu\/wp-content\/uploads\/2022\/11\/IMG-20221114-WA0003.jpg\" alt=\"\" class=\"wp-image-2390\" srcset=\"https:\/\/ka204flow.eu\/wp-content\/uploads\/2022\/11\/IMG-20221114-WA0003.jpg 2048w, https:\/\/ka204flow.eu\/wp-content\/uploads\/2022\/11\/IMG-20221114-WA0003-300x169.jpg 300w, https:\/\/ka204flow.eu\/wp-content\/uploads\/2022\/11\/IMG-20221114-WA0003-1024x576.jpg 1024w, https:\/\/ka204flow.eu\/wp-content\/uploads\/2022\/11\/IMG-20221114-WA0003-768x432.jpg 768w, https:\/\/ka204flow.eu\/wp-content\/uploads\/2022\/11\/IMG-20221114-WA0003-1536x864.jpg 1536w\" sizes=\"auto, (max-width: 2048px) 100vw, 2048px\" \/><\/figure>\n\n\n\n<figure class=\"wp-block-image size-large\"><img decoding=\"async\" data-id=\"2391\" src=\"https:\/\/ka204flow.eu\/wp-content\/uploads\/2022\/11\/IMG-20221114-WA0002.jpg\" alt=\"\" class=\"wp-image-2391\"\/><\/figure>\n<\/figure>\n\n\n\n<div style=\"position: relative; width: 100%; height: 0; padding-top: 80.0000%;\n padding-bottom: 0; box-shadow: 0 2px 8px 0 rgba(63,69,81,0.16); margin-top: 1.6em; margin-bottom: 0.9em; overflow: hidden;\n border-radius: 8px; will-change: transform;\">\n  <iframe loading=\"lazy\" style=\"position: absolute; width: 100%; height: 100%; top: 0; left: 0; border: none; padding: 0;margin: 0;\" src=\"https:\/\/www.canva.com\/design\/DAFSNLwbR04\/watch?embed\" allowfullscreen=\"allowfullscreen\" allow=\"fullscreen\">\n  <\/iframe>\n<\/div>\n<a href=\"https:\/\/www.canva.com\/design\/DAFSNLwbR04\/watch?utm_content=DAFSNLwbR04&amp;utm_campaign=designshare&amp;utm_medium=embeds&amp;utm_source=link\" target=\"_blank\" rel=\"noopener\">Getting things done&#8230;<\/a>\n\n\n\n<p>The second part of the day is dedicated to a meeting in which Mari\u00e1n D\u00edaz, director of the EOI San Roque, as the project coordinator, presents to the rest of participants a summary of the activities that have already taken place and a reminder of key aspects of the project implementation for the future. A project progress report is conducted, dealing with project management implementation; results of the mid-report evaluation; project accounts report; next mobilities and a final report.&nbsp;<\/p>\n\n\n\n<iframe loading=\"lazy\" src=\"https:\/\/www.facebook.com\/plugins\/video.php?height=476&#038;href=https%3A%2F%2Fwww.facebook.com%2FEOISanRoque%2Fvideos%2F517318303619702%2F&#038;show_text=false&#038;width=267&#038;t=0\" width=\"267\" height=\"476\" style=\"border:none;overflow:hidden\" scrolling=\"no\" frameborder=\"0\" allowfullscreen=\"true\" allow=\"autoplay; clipboard-write; encrypted-media; picture-in-picture; web-share\" allowFullScreen=\"true\"><\/iframe>\n\n\n\n<figure class=\"wp-block-gallery has-nested-images columns-default is-cropped wp-block-gallery-2 is-layout-flex wp-block-gallery-is-layout-flex\">\n<figure class=\"wp-block-image size-large\"><img loading=\"lazy\" decoding=\"async\" width=\"2000\" height=\"1500\" data-id=\"2374\" src=\"https:\/\/ka204flow.eu\/wp-content\/uploads\/2022\/11\/PHOTO-2022-11-13-17-38-341.jpg\" alt=\"\" class=\"wp-image-2374\" srcset=\"https:\/\/ka204flow.eu\/wp-content\/uploads\/2022\/11\/PHOTO-2022-11-13-17-38-341.jpg 2000w, https:\/\/ka204flow.eu\/wp-content\/uploads\/2022\/11\/PHOTO-2022-11-13-17-38-341-300x225.jpg 300w, https:\/\/ka204flow.eu\/wp-content\/uploads\/2022\/11\/PHOTO-2022-11-13-17-38-341-1024x768.jpg 1024w, https:\/\/ka204flow.eu\/wp-content\/uploads\/2022\/11\/PHOTO-2022-11-13-17-38-341-768x576.jpg 768w, https:\/\/ka204flow.eu\/wp-content\/uploads\/2022\/11\/PHOTO-2022-11-13-17-38-341-1536x1152.jpg 1536w\" sizes=\"auto, (max-width: 2000px) 100vw, 2000px\" \/><\/figure>\n\n\n\n<figure class=\"wp-block-image size-large\"><img loading=\"lazy\" decoding=\"async\" width=\"2000\" height=\"1500\" data-id=\"2375\" src=\"https:\/\/ka204flow.eu\/wp-content\/uploads\/2022\/11\/PHOTO-2022-11-13-17-37-51.jpg\" alt=\"\" class=\"wp-image-2375\" srcset=\"https:\/\/ka204flow.eu\/wp-content\/uploads\/2022\/11\/PHOTO-2022-11-13-17-37-51.jpg 2000w, https:\/\/ka204flow.eu\/wp-content\/uploads\/2022\/11\/PHOTO-2022-11-13-17-37-51-300x225.jpg 300w, https:\/\/ka204flow.eu\/wp-content\/uploads\/2022\/11\/PHOTO-2022-11-13-17-37-51-1024x768.jpg 1024w, https:\/\/ka204flow.eu\/wp-content\/uploads\/2022\/11\/PHOTO-2022-11-13-17-37-51-768x576.jpg 768w, https:\/\/ka204flow.eu\/wp-content\/uploads\/2022\/11\/PHOTO-2022-11-13-17-37-51-1536x1152.jpg 1536w\" sizes=\"auto, (max-width: 2000px) 100vw, 2000px\" \/><\/figure>\n\n\n\n<figure class=\"wp-block-image size-large\"><img loading=\"lazy\" decoding=\"async\" width=\"2000\" height=\"1500\" data-id=\"2376\" src=\"https:\/\/ka204flow.eu\/wp-content\/uploads\/2022\/11\/PHOTO-2022-11-13-17-38-331.jpg\" alt=\"\" class=\"wp-image-2376\" srcset=\"https:\/\/ka204flow.eu\/wp-content\/uploads\/2022\/11\/PHOTO-2022-11-13-17-38-331.jpg 2000w, https:\/\/ka204flow.eu\/wp-content\/uploads\/2022\/11\/PHOTO-2022-11-13-17-38-331-300x225.jpg 300w, https:\/\/ka204flow.eu\/wp-content\/uploads\/2022\/11\/PHOTO-2022-11-13-17-38-331-1024x768.jpg 1024w, https:\/\/ka204flow.eu\/wp-content\/uploads\/2022\/11\/PHOTO-2022-11-13-17-38-331-768x576.jpg 768w, https:\/\/ka204flow.eu\/wp-content\/uploads\/2022\/11\/PHOTO-2022-11-13-17-38-331-1536x1152.jpg 1536w\" sizes=\"auto, (max-width: 2000px) 100vw, 2000px\" \/><\/figure>\n\n\n\n<figure class=\"wp-block-image size-large\"><img loading=\"lazy\" decoding=\"async\" width=\"1500\" height=\"2000\" data-id=\"2377\" src=\"https:\/\/ka204flow.eu\/wp-content\/uploads\/2022\/11\/PHOTO-2022-11-13-17-38-33.jpg\" alt=\"\" class=\"wp-image-2377\" srcset=\"https:\/\/ka204flow.eu\/wp-content\/uploads\/2022\/11\/PHOTO-2022-11-13-17-38-33.jpg 1500w, https:\/\/ka204flow.eu\/wp-content\/uploads\/2022\/11\/PHOTO-2022-11-13-17-38-33-225x300.jpg 225w, https:\/\/ka204flow.eu\/wp-content\/uploads\/2022\/11\/PHOTO-2022-11-13-17-38-33-768x1024.jpg 768w, https:\/\/ka204flow.eu\/wp-content\/uploads\/2022\/11\/PHOTO-2022-11-13-17-38-33-1152x1536.jpg 1152w\" sizes=\"auto, (max-width: 1500px) 100vw, 1500px\" \/><\/figure>\n\n\n\n<figure class=\"wp-block-image size-large\"><img loading=\"lazy\" decoding=\"async\" width=\"1500\" height=\"2000\" data-id=\"2378\" src=\"https:\/\/ka204flow.eu\/wp-content\/uploads\/2022\/11\/PHOTO-2022-11-13-17-38-34.jpg\" alt=\"\" class=\"wp-image-2378\" srcset=\"https:\/\/ka204flow.eu\/wp-content\/uploads\/2022\/11\/PHOTO-2022-11-13-17-38-34.jpg 1500w, https:\/\/ka204flow.eu\/wp-content\/uploads\/2022\/11\/PHOTO-2022-11-13-17-38-34-225x300.jpg 225w, https:\/\/ka204flow.eu\/wp-content\/uploads\/2022\/11\/PHOTO-2022-11-13-17-38-34-768x1024.jpg 768w, https:\/\/ka204flow.eu\/wp-content\/uploads\/2022\/11\/PHOTO-2022-11-13-17-38-34-1152x1536.jpg 1152w\" sizes=\"auto, (max-width: 1500px) 100vw, 1500px\" \/><\/figure>\n<\/figure>\n\n\n\n<p><strong>TUESDAY 8<\/strong><strong><sup>th<\/sup><\/strong><strong>, NOV. \u201822<\/strong><\/p>\n\n\n\n<p>The coordinators of the different institutions inform about how they are advancing in their respective responsibilities for the project, what aims have been met and which ones are still in process. Discussions arise about how to proceed with the different lines of work and the different coordinators suggest and agree on how to proceed. The project\u2019s website, the guide and toolbox, evaluation processes, dissemination strategies, impact results and project\u2019s videos are considered\u00a0 as well as future mobilities for teachers and students. There is a firm commitment to achieve our goals in the manner and time originally agreed and this proves to be a fruitful work session.\u00a0<\/p>\n\n\n\n<figure class=\"wp-block-gallery has-nested-images columns-default is-cropped wp-block-gallery-3 is-layout-flex wp-block-gallery-is-layout-flex\">\n<figure class=\"wp-block-image size-large\"><img loading=\"lazy\" decoding=\"async\" width=\"1200\" height=\"1600\" data-id=\"2379\" src=\"https:\/\/ka204flow.eu\/wp-content\/uploads\/2022\/11\/PHOTO-2022-11-13-17-36-10.jpg\" alt=\"\" class=\"wp-image-2379\" srcset=\"https:\/\/ka204flow.eu\/wp-content\/uploads\/2022\/11\/PHOTO-2022-11-13-17-36-10.jpg 1200w, https:\/\/ka204flow.eu\/wp-content\/uploads\/2022\/11\/PHOTO-2022-11-13-17-36-10-225x300.jpg 225w, https:\/\/ka204flow.eu\/wp-content\/uploads\/2022\/11\/PHOTO-2022-11-13-17-36-10-768x1024.jpg 768w, https:\/\/ka204flow.eu\/wp-content\/uploads\/2022\/11\/PHOTO-2022-11-13-17-36-10-1152x1536.jpg 1152w\" sizes=\"auto, (max-width: 1200px) 100vw, 1200px\" \/><\/figure>\n\n\n\n<figure class=\"wp-block-image size-large\"><img loading=\"lazy\" decoding=\"async\" width=\"1200\" height=\"1600\" data-id=\"2380\" src=\"https:\/\/ka204flow.eu\/wp-content\/uploads\/2022\/11\/PHOTO-2022-11-13-17-37-121.jpg\" alt=\"\" class=\"wp-image-2380\" srcset=\"https:\/\/ka204flow.eu\/wp-content\/uploads\/2022\/11\/PHOTO-2022-11-13-17-37-121.jpg 1200w, https:\/\/ka204flow.eu\/wp-content\/uploads\/2022\/11\/PHOTO-2022-11-13-17-37-121-225x300.jpg 225w, https:\/\/ka204flow.eu\/wp-content\/uploads\/2022\/11\/PHOTO-2022-11-13-17-37-121-768x1024.jpg 768w, https:\/\/ka204flow.eu\/wp-content\/uploads\/2022\/11\/PHOTO-2022-11-13-17-37-121-1152x1536.jpg 1152w\" sizes=\"auto, (max-width: 1200px) 100vw, 1200px\" \/><\/figure>\n\n\n\n<figure class=\"wp-block-image size-large\"><img loading=\"lazy\" decoding=\"async\" width=\"1200\" height=\"1600\" data-id=\"2381\" src=\"https:\/\/ka204flow.eu\/wp-content\/uploads\/2022\/11\/PHOTO-2022-11-13-17-37-132.jpg\" alt=\"\" class=\"wp-image-2381\" srcset=\"https:\/\/ka204flow.eu\/wp-content\/uploads\/2022\/11\/PHOTO-2022-11-13-17-37-132.jpg 1200w, https:\/\/ka204flow.eu\/wp-content\/uploads\/2022\/11\/PHOTO-2022-11-13-17-37-132-225x300.jpg 225w, https:\/\/ka204flow.eu\/wp-content\/uploads\/2022\/11\/PHOTO-2022-11-13-17-37-132-768x1024.jpg 768w, https:\/\/ka204flow.eu\/wp-content\/uploads\/2022\/11\/PHOTO-2022-11-13-17-37-132-1152x1536.jpg 1152w\" sizes=\"auto, (max-width: 1200px) 100vw, 1200px\" \/><\/figure>\n\n\n\n<figure class=\"wp-block-image size-large\"><img loading=\"lazy\" decoding=\"async\" width=\"1500\" height=\"2000\" data-id=\"2382\" src=\"https:\/\/ka204flow.eu\/wp-content\/uploads\/2022\/11\/PHOTO-2022-11-13-17-37-13.jpg\" alt=\"\" class=\"wp-image-2382\" srcset=\"https:\/\/ka204flow.eu\/wp-content\/uploads\/2022\/11\/PHOTO-2022-11-13-17-37-13.jpg 1500w, https:\/\/ka204flow.eu\/wp-content\/uploads\/2022\/11\/PHOTO-2022-11-13-17-37-13-225x300.jpg 225w, https:\/\/ka204flow.eu\/wp-content\/uploads\/2022\/11\/PHOTO-2022-11-13-17-37-13-768x1024.jpg 768w, https:\/\/ka204flow.eu\/wp-content\/uploads\/2022\/11\/PHOTO-2022-11-13-17-37-13-1152x1536.jpg 1152w\" sizes=\"auto, (max-width: 1500px) 100vw, 1500px\" \/><\/figure>\n\n\n\n<figure class=\"wp-block-image size-large\"><img loading=\"lazy\" decoding=\"async\" width=\"1500\" height=\"2000\" data-id=\"2383\" src=\"https:\/\/ka204flow.eu\/wp-content\/uploads\/2022\/11\/PHOTO-2022-11-13-17-37-141.jpg\" alt=\"\" class=\"wp-image-2383\" srcset=\"https:\/\/ka204flow.eu\/wp-content\/uploads\/2022\/11\/PHOTO-2022-11-13-17-37-141.jpg 1500w, https:\/\/ka204flow.eu\/wp-content\/uploads\/2022\/11\/PHOTO-2022-11-13-17-37-141-225x300.jpg 225w, https:\/\/ka204flow.eu\/wp-content\/uploads\/2022\/11\/PHOTO-2022-11-13-17-37-141-768x1024.jpg 768w, https:\/\/ka204flow.eu\/wp-content\/uploads\/2022\/11\/PHOTO-2022-11-13-17-37-141-1152x1536.jpg 1152w\" sizes=\"auto, (max-width: 1500px) 100vw, 1500px\" \/><\/figure>\n\n\n\n<figure class=\"wp-block-image size-large\"><img loading=\"lazy\" decoding=\"async\" width=\"1500\" height=\"2000\" data-id=\"2384\" src=\"https:\/\/ka204flow.eu\/wp-content\/uploads\/2022\/11\/PHOTO-2022-11-13-17-37-491.jpg\" alt=\"\" class=\"wp-image-2384\" srcset=\"https:\/\/ka204flow.eu\/wp-content\/uploads\/2022\/11\/PHOTO-2022-11-13-17-37-491.jpg 1500w, https:\/\/ka204flow.eu\/wp-content\/uploads\/2022\/11\/PHOTO-2022-11-13-17-37-491-225x300.jpg 225w, https:\/\/ka204flow.eu\/wp-content\/uploads\/2022\/11\/PHOTO-2022-11-13-17-37-491-768x1024.jpg 768w, https:\/\/ka204flow.eu\/wp-content\/uploads\/2022\/11\/PHOTO-2022-11-13-17-37-491-1152x1536.jpg 1152w\" sizes=\"auto, (max-width: 1500px) 100vw, 1500px\" \/><\/figure>\n<\/figure>\n\n\n\n<p><strong>WEDNESDAY 9<\/strong><strong><sup>th<\/sup><\/strong><strong>, NOV. \u201822<\/strong><\/p>\n\n\n\n<p>Today, Eva Ko\u0159\u00e1nov\u00e1, EDUCA\u2019s coordinator and hostess, teaches us some basic Czech words and we also get to know her school. We meet some of the teachers at this institution and visit its classrooms and offices. This allows us to have a better understanding of the work carried out by EDUCA, an institution that offers learning&nbsp; opportunities in a variety of languages within a professional, close to the student, environment. We thank Eva for her warm welcome to her home city and school.<\/p>\n\n\n\n<figure class=\"wp-block-gallery has-nested-images columns-default is-cropped wp-block-gallery-4 is-layout-flex wp-block-gallery-is-layout-flex\">\n<figure class=\"wp-block-image size-large\"><img loading=\"lazy\" decoding=\"async\" width=\"768\" height=\"1024\" data-id=\"2386\" src=\"https:\/\/ka204flow.eu\/wp-content\/uploads\/2022\/11\/IMG_1443.jpg\" alt=\"\" class=\"wp-image-2386\" srcset=\"https:\/\/ka204flow.eu\/wp-content\/uploads\/2022\/11\/IMG_1443.jpg 768w, https:\/\/ka204flow.eu\/wp-content\/uploads\/2022\/11\/IMG_1443-225x300.jpg 225w\" sizes=\"auto, (max-width: 768px) 100vw, 768px\" \/><\/figure>\n\n\n\n<figure class=\"wp-block-image size-large\"><img loading=\"lazy\" decoding=\"async\" width=\"1024\" height=\"768\" data-id=\"2387\" src=\"https:\/\/ka204flow.eu\/wp-content\/uploads\/2022\/11\/IMG_1445.jpg\" alt=\"\" class=\"wp-image-2387\" srcset=\"https:\/\/ka204flow.eu\/wp-content\/uploads\/2022\/11\/IMG_1445.jpg 1024w, https:\/\/ka204flow.eu\/wp-content\/uploads\/2022\/11\/IMG_1445-300x225.jpg 300w, https:\/\/ka204flow.eu\/wp-content\/uploads\/2022\/11\/IMG_1445-768x576.jpg 768w\" sizes=\"auto, (max-width: 1024px) 100vw, 1024px\" \/><\/figure>\n\n\n\n<figure class=\"wp-block-image size-large\"><img loading=\"lazy\" decoding=\"async\" width=\"1024\" height=\"768\" data-id=\"2388\" src=\"https:\/\/ka204flow.eu\/wp-content\/uploads\/2022\/11\/IMG_1451-1.jpg\" alt=\"\" class=\"wp-image-2388\" srcset=\"https:\/\/ka204flow.eu\/wp-content\/uploads\/2022\/11\/IMG_1451-1.jpg 1024w, https:\/\/ka204flow.eu\/wp-content\/uploads\/2022\/11\/IMG_1451-1-300x225.jpg 300w, https:\/\/ka204flow.eu\/wp-content\/uploads\/2022\/11\/IMG_1451-1-768x576.jpg 768w\" sizes=\"auto, (max-width: 1024px) 100vw, 1024px\" \/><\/figure>\n<\/figure>\n","protected":false},"excerpt":{"rendered":"<p>2nd Transnational Meeting: Implementation, dissemination and follow-up at Educa, Czech Republic From Monday 7th till Wednesday 9th, November \u201822, coordinators from the different partner institutions meet in the city of Jablonec (Czech Republic), hosted by our partner EDUCA. During the meetings held these days, we discuss the implementation, dissemination and follow-up of the activities related [&hellip;]<\/p>\n","protected":false},"author":2,"featured_media":0,"parent":0,"menu_order":0,"comment_status":"closed","ping_status":"closed","template":"","meta":{"footnotes":""},"class_list":["post-2355","page","type-page","status-publish","hentry"],"_links":{"self":[{"href":"https:\/\/ka204flow.eu\/index.php\/wp-json\/wp\/v2\/pages\/2355","targetHints":{"allow":["GET"]}}],"collection":[{"href":"https:\/\/ka204flow.eu\/index.php\/wp-json\/wp\/v2\/pages"}],"about":[{"href":"https:\/\/ka204flow.eu\/index.php\/wp-json\/wp\/v2\/types\/page"}],"author":[{"embeddable":true,"href":"https:\/\/ka204flow.eu\/index.php\/wp-json\/wp\/v2\/users\/2"}],"replies":[{"embeddable":true,"href":"https:\/\/ka204flow.eu\/index.php\/wp-json\/wp\/v2\/comments?post=2355"}],"version-history":[{"count":4,"href":"https:\/\/ka204flow.eu\/index.php\/wp-json\/wp\/v2\/pages\/2355\/revisions"}],"predecessor-version":[{"id":2393,"href":"https:\/\/ka204flow.eu\/index.php\/wp-json\/wp\/v2\/pages\/2355\/revisions\/2393"}],"wp:attachment":[{"href":"https:\/\/ka204flow.eu\/index.php\/wp-json\/wp\/v2\/media?parent=2355"}],"curies":[{"name":"wp","href":"https:\/\/api.w.org\/{rel}","templated":true}]}}